{"id":45,"date":"2023-10-23T18:49:22","date_gmt":"2023-10-23T18:49:22","guid":{"rendered":"http:\/\/he-maskiner.dk\/?page_id=45"},"modified":"2025-12-03T07:00:12","modified_gmt":"2025-12-03T06:00:12","slug":"tf-300-traeflytter","status":"publish","type":"page","link":"https:\/\/he-maskiner.dk\/de\/produkte\/tf-300-treppenforderer\/","title":{"rendered":"TF-300 Baumentferner"},"content":{"rendered":"<div class=\"wp-block-group alignfull has-background is-layout-flow wp-block-group-is-layout-flow\" style=\"background:radial-gradient(rgb(242,242,242) 40%,rgb(202,214,200) 100%);padding-top:6vw;padding-right:6vw;padding-bottom:6vw;padding-left:6vw\">\n<div class=\"wp-block-group is-vertical is-nowrap is-layout-flex wp-container-core-group-is-layout-36fd9ea3 wp-block-group-is-layout-flex\" style=\"padding-right:0;padding-left:0\">\n<h6 class=\"wp-block-heading has-text-color has-montserrat-font-family\" id=\"ecosystem\" style=\"color:#000000;font-size:clamp(14px, 0.875rem + ((1vw - 3.2px) * 0.227), 16px);font-style:normal;font-weight:300\">TF-300 Baumentferner<\/h6>\n\n\n\n<p class=\"has-text-color has-montserrat-font-family\" style=\"color:#000000;font-size:6vw;font-style:normal;font-weight:400;letter-spacing:0px;line-height:1;text-decoration:none;text-transform:none\">Leicht, einfach und intelligent<\/p>\n<\/div>\n\n\n\n<div style=\"height:1vw\" aria-hidden=\"true\" class=\"wp-block-spacer\"><\/div>\n\n\n\n<div class=\"wp-block-group alignwide is-vertical is-nowrap is-layout-flex wp-container-core-group-is-layout-7946b6b8 wp-block-group-is-layout-flex\" style=\"padding-top:0;padding-right:0;padding-bottom:0;padding-left:0\">\n<div class=\"wp-block-columns alignwide is-layout-flex wp-container-core-columns-is-layout-21b20327 wp-block-columns-is-layout-flex\">\n<div class=\"wp-block-column is-layout-flow wp-block-column-is-layout-flow\" style=\"flex-basis:33.38%\">\n<p>\ud83c\udf33 <strong>B\u00e4ume einfach, effizient und schonend bewegen - mit dem TF-300 Tree Mover<\/strong><br><\/p>\n\n\n\n<p>Med <strong>TF-300 Der Baumbeweger<\/strong> Ob Sie nun in der Forstwirtschaft, im Landschaftsbau oder bei gro\u00dfen Bau- und Landschaftsprojekten t\u00e4tig sind, das Umsetzen von B\u00e4umen wird zu einer einfachen Aufgabe. <\/p>\n\n\n\n<p>Bei seiner Entwicklung wurde besonderer Wert auf Effizienz und schonende Behandlung gelegt, um sowohl das Holz als auch die Umwelt bestm\u00f6glich zu sch\u00fctzen.<\/p>\n\n\n\n<p>TF-300 kann auf beiden Seiten montiert werden <strong>Traktoren (120 PS+) und Gummiziegen<\/strong>, der je nach Maschine und Arbeitsbedingungen gro\u00dfe Flexibilit\u00e4t bietet. Es behandelt B\u00e4ume mit einer <strong>Spindeldurchmesser bis zu 300 mm<\/strong>, und mit dem mitgelieferten <strong>Fernsteuerung<\/strong> den Prozess sicher und pr\u00e4zise zu steuern - aus der Ferne.<\/p>\n\n\n\n<h3 class=\"wp-block-heading\">Warum sollten B\u00e4ume versetzt werden, anstatt sie zu f\u00e4llen?<\/h3>\n\n\n\n<p>Das Umsetzen von B\u00e4umen anstelle von deren F\u00e4llung hat mehrere klare Vorteile:<\/p>\n\n\n\n<ul class=\"wp-block-list\">\n<li>\ud83c\udf3f <strong>Das gr\u00fcne Aussehen bewahren<\/strong> - Besonders wichtig in Parks, G\u00e4rten und st\u00e4dtischen Gebieten.<\/li>\n\n\n\n<li>\ud83c\udf31 <strong>Zeit und Geld sparen<\/strong> bei Neuanpflanzungen und Ansiedlungen.<\/li>\n\n\n\n<li>\ud83c\udf33 <strong>Erhaltung \u00e4lterer oder besonderer Baumarten<\/strong>, die einen langen Zeithorizont f\u00fcr Wachstum haben.<\/li>\n\n\n\n<li>\u267b\ufe0f <strong>Umweltfreundliche L\u00f6sung<\/strong>, wo die Kohlenstoffbindung und die biologische Vielfalt erhalten bleiben.<\/li>\n<\/ul>\n\n\n\n<p>Mit dem TF-300 erhalten Sie ein Werkzeug, das Leistung und Pr\u00e4zision vereint und Ihnen erm\u00f6glicht, nachhaltig zu denken, ohne Kompromisse bei der Effizienz einzugehen.<\/p>\n\n\n\n<p><\/p>\n\n\n\n<p><\/p>\n\n\n\n<p><\/p>\n<\/div>\n\n\n\n<div class=\"wp-block-column is-layout-flow wp-block-column-is-layout-flow\" style=\"flex-basis:33%\">\n<div style=\"height:2vw\" aria-hidden=\"true\" class=\"wp-block-spacer\"><\/div>\n\n\n\n<figure class=\"wp-block-image size-large has-custom-border\"><img loading=\"lazy\" decoding=\"async\" width=\"855\" height=\"1024\" src=\"http:\/\/he-maskiner.dk\/wp-content\/uploads\/2023\/10\/tf-300-1-855x1024.png\" alt=\"\" class=\"wp-image-99\" style=\"border-radius:8px\" srcset=\"https:\/\/he-maskiner.dk\/wp-content\/uploads\/2023\/10\/tf-300-1-855x1024.png 855w, https:\/\/he-maskiner.dk\/wp-content\/uploads\/2023\/10\/tf-300-1-251x300.png 251w, https:\/\/he-maskiner.dk\/wp-content\/uploads\/2023\/10\/tf-300-1-768x920.png 768w, https:\/\/he-maskiner.dk\/wp-content\/uploads\/2023\/10\/tf-300-1.png 1002w\" sizes=\"auto, (max-width: 855px) 100vw, 855px\" \/><\/figure>\n<\/div>\n\n\n\n<div class=\"wp-block-column is-layout-flow wp-block-column-is-layout-flow\" style=\"flex-basis:33.62%\">\n<figure class=\"wp-block-image size-full has-custom-border\"><img loading=\"lazy\" decoding=\"async\" width=\"416\" height=\"624\" src=\"http:\/\/he-maskiner.dk\/wp-content\/uploads\/2023\/11\/IMG_9249-edited.jpg\" alt=\"\" class=\"wp-image-408\" style=\"border-radius:8px;aspect-ratio:2\/3;object-fit:cover\" srcset=\"https:\/\/he-maskiner.dk\/wp-content\/uploads\/2023\/11\/IMG_9249-edited.jpg 416w, https:\/\/he-maskiner.dk\/wp-content\/uploads\/2023\/11\/IMG_9249-edited-200x300.jpg 200w, https:\/\/he-maskiner.dk\/wp-content\/uploads\/2023\/11\/IMG_9249-edited-8x12.jpg 8w\" sizes=\"auto, (max-width: 416px) 100vw, 416px\" \/><\/figure>\n<\/div>\n<\/div>\n\n\n\n<div class=\"wp-block-columns alignwide is-layout-flex wp-container-core-columns-is-layout-c24efe4f wp-block-columns-is-layout-flex\">\n<div class=\"wp-block-column is-layout-flow wp-block-column-is-layout-flow\" style=\"flex-basis:69%\">\n<figure class=\"wp-block-image size-large has-custom-border\"><img loading=\"lazy\" decoding=\"async\" width=\"1350\" height=\"900\" src=\"http:\/\/he-maskiner.dk\/wp-content\/uploads\/2023\/11\/tf-300-2-edited.png\" alt=\"\" class=\"wp-image-409\" style=\"border-radius:8px;aspect-ratio:3\/2;object-fit:cover\" srcset=\"https:\/\/he-maskiner.dk\/wp-content\/uploads\/2023\/11\/tf-300-2-edited.png 1350w, https:\/\/he-maskiner.dk\/wp-content\/uploads\/2023\/11\/tf-300-2-edited-300x200.png 300w, https:\/\/he-maskiner.dk\/wp-content\/uploads\/2023\/11\/tf-300-2-edited-1024x683.png 1024w, https:\/\/he-maskiner.dk\/wp-content\/uploads\/2023\/11\/tf-300-2-edited-768x512.png 768w, https:\/\/he-maskiner.dk\/wp-content\/uploads\/2023\/11\/tf-300-2-edited-18x12.png 18w\" sizes=\"auto, (max-width: 1350px) 100vw, 1350px\" \/><\/figure>\n<\/div>\n\n\n\n<div class=\"wp-block-column is-vertically-aligned-center is-layout-flow wp-block-column-is-layout-flow\" style=\"flex-basis:33%\">\n<div style=\"height:2vw\" aria-hidden=\"true\" class=\"wp-block-spacer\"><\/div>\n\n\n\n<p><strong>Produktspezifikationen<\/strong><\/p>\n\n\n\n<p>Kann B\u00e4ume mit St\u00e4mmen bis zu 300 mm bewegen.<\/p>\n\n\n\n<p>4 Schaufelplatten aus Hardox<\/p>\n\n\n\n<p>Hydraulisch gesteuert mit Fernsteuerung<\/p>\n\n\n\n<p>Gewicht 1000kg.<\/p>\n\n\n\n<p>F\u00fcr Traktoren ab 120 PS oder angebaut an Radlader und Telehandler ab 4 Tonnen.<\/p>\n<\/div>\n<\/div>\n\n\n\n<figure class=\"wp-block-gallery alignwide has-nested-images columns-default is-cropped wp-block-gallery-1 is-layout-flex wp-block-gallery-is-layout-flex\">\n<figure class=\"wp-block-image size-full has-custom-border\"><img loading=\"lazy\" decoding=\"async\" width=\"750\" height=\"1089\" data-id=\"506\" src=\"https:\/\/he-maskiner.dk\/wp-content\/uploads\/2023\/11\/IMG_8216.jpeg\" alt=\"\" class=\"wp-image-506\" style=\"border-radius:8px\" srcset=\"https:\/\/he-maskiner.dk\/wp-content\/uploads\/2023\/11\/IMG_8216.jpeg 750w, https:\/\/he-maskiner.dk\/wp-content\/uploads\/2023\/11\/IMG_8216-207x300.jpeg 207w, https:\/\/he-maskiner.dk\/wp-content\/uploads\/2023\/11\/IMG_8216-705x1024.jpeg 705w, https:\/\/he-maskiner.dk\/wp-content\/uploads\/2023\/11\/IMG_8216-8x12.jpeg 8w\" sizes=\"auto, (max-width: 750px) 100vw, 750px\" \/><\/figure>\n\n\n\n<figure class=\"wp-block-image size-full has-custom-border\"><img loading=\"lazy\" decoding=\"async\" width=\"416\" height=\"555\" data-id=\"374\" src=\"https:\/\/he-maskiner.dk\/wp-content\/uploads\/2023\/11\/IMG_9253-edited.jpg\" alt=\"\" class=\"wp-image-374\" style=\"border-radius:8px\" srcset=\"https:\/\/he-maskiner.dk\/wp-content\/uploads\/2023\/11\/IMG_9253-edited.jpg 416w, https:\/\/he-maskiner.dk\/wp-content\/uploads\/2023\/11\/IMG_9253-edited-225x300.jpg 225w, https:\/\/he-maskiner.dk\/wp-content\/uploads\/2023\/11\/IMG_9253-edited-9x12.jpg 9w\" sizes=\"auto, (max-width: 416px) 100vw, 416px\" \/><\/figure>\n<\/figure>\n<\/div>\n<\/div>\n\n\n\n<div style=\"height:72px\" aria-hidden=\"true\" class=\"wp-block-spacer\"><\/div>\n\n\n\n<div class=\"wp-block-media-text alignwide has-media-on-the-right is-stacked-on-mobile\"><div class=\"wp-block-media-text__content\">\n<p class=\"has-montserrat-font-family has-x-large-font-size\">Sehen Sie, wie der TF-300 Tree Mover funktioniert.<\/p>\n<\/div><figure class=\"wp-block-media-text__media\"><video controls src=\"http:\/\/he-maskiner.dk\/wp-content\/uploads\/2023\/10\/TF-300.mp4\"><\/video><\/figure><\/div>\n\n\n\n<div style=\"height:72px\" aria-hidden=\"true\" class=\"wp-block-spacer\"><\/div>\n\n\n\n<div class=\"wp-block-media-text alignwide is-stacked-on-mobile has-background\" style=\"background:radial-gradient(rgb(242,242,242) 33%,rgb(202,214,200) 100%);padding-top:2vw;padding-right:2vw;padding-bottom:2vw;padding-left:2vw;grid-template-columns:40% auto\"><figure class=\"wp-block-media-text__media\"><img loading=\"lazy\" decoding=\"async\" width=\"1024\" height=\"724\" src=\"http:\/\/he-maskiner.dk\/wp-content\/uploads\/2023\/11\/DK-TF-300-traeflytter-Agritechnica-2023-Losblad-1024x724.jpg\" alt=\"\" class=\"wp-image-340 size-full\" srcset=\"https:\/\/he-maskiner.dk\/wp-content\/uploads\/2023\/11\/DK-TF-300-traeflytter-Agritechnica-2023-Losblad-1024x724.jpg 1024w, https:\/\/he-maskiner.dk\/wp-content\/uploads\/2023\/11\/DK-TF-300-traeflytter-Agritechnica-2023-Losblad-300x212.jpg 300w, https:\/\/he-maskiner.dk\/wp-content\/uploads\/2023\/11\/DK-TF-300-traeflytter-Agritechnica-2023-Losblad-768x543.jpg 768w, https:\/\/he-maskiner.dk\/wp-content\/uploads\/2023\/11\/DK-TF-300-traeflytter-Agritechnica-2023-Losblad-1536x1086.jpg 1536w, https:\/\/he-maskiner.dk\/wp-content\/uploads\/2023\/11\/DK-TF-300-traeflytter-Agritechnica-2023-Losblad-2048x1448.jpg 2048w, https:\/\/he-maskiner.dk\/wp-content\/uploads\/2023\/11\/DK-TF-300-traeflytter-Agritechnica-2023-Losblad-18x12.jpg 18w\" sizes=\"auto, (max-width: 1024px) 100vw, 1024px\" \/><\/figure><div class=\"wp-block-media-text__content\">\n<p class=\"has-text-align-left has-large-font-size\">Informationen \u00fcber den TF-300 als pdf herunterladen<\/p>\n\n\n\n<p><a href=\"http:\/\/he-maskiner.dk\/wp-content\/uploads\/2023\/11\/DK-TF-300-product-sheet.pdf\">Brosch\u00fcre TF-300 herunterladen<\/a><\/p>\n<\/div><\/div>","protected":false},"excerpt":{"rendered":"<p>TF-300 Tr\u00e6flytter Nemt, enkelt og smart \ud83c\udf33 Flyt tr\u00e6er nemt, effektivt og sk\u00e5nsomt \u2013 med TF-300 Tr\u00e6flytteren Med TF-300 Tr\u00e6flytteren bliver flytning af tr\u00e6er en enkel opgave, uanset om du arbejder i skovbrug, anl\u00e6gsgartneri eller p\u00e5 st\u00f8rre bygge- og landskabsprojekter. Den er udviklet med fokus p\u00e5 effektivitet og sk\u00e5nsom h\u00e5ndtering, s\u00e5 b\u00e5de tr\u00e6 og omgivelser [&hellip;]<\/p>\n","protected":false},"author":3,"featured_media":0,"parent":39,"menu_order":0,"comment_status":"closed","ping_status":"closed","template":"wp-custom-template-product-page-template","meta":{"content-type":"","iawp_total_views":1035,"footnotes":""},"class_list":["post-45","page","type-page","status-publish","hentry"],"jetpack_sharing_enabled":true,"_links":{"self":[{"href":"https:\/\/he-maskiner.dk\/de\/wp-json\/wp\/v2\/pages\/45","targetHints":{"allow":["GET"]}}],"collection":[{"href":"https:\/\/he-maskiner.dk\/de\/wp-json\/wp\/v2\/pages"}],"about":[{"href":"https:\/\/he-maskiner.dk\/de\/wp-json\/wp\/v2\/types\/page"}],"author":[{"embeddable":true,"href":"https:\/\/he-maskiner.dk\/de\/wp-json\/wp\/v2\/users\/3"}],"replies":[{"embeddable":true,"href":"https:\/\/he-maskiner.dk\/de\/wp-json\/wp\/v2\/comments?post=45"}],"version-history":[{"count":19,"href":"https:\/\/he-maskiner.dk\/de\/wp-json\/wp\/v2\/pages\/45\/revisions"}],"predecessor-version":[{"id":1144,"href":"https:\/\/he-maskiner.dk\/de\/wp-json\/wp\/v2\/pages\/45\/revisions\/1144"}],"up":[{"embeddable":true,"href":"https:\/\/he-maskiner.dk\/de\/wp-json\/wp\/v2\/pages\/39"}],"wp:attachment":[{"href":"https:\/\/he-maskiner.dk\/de\/wp-json\/wp\/v2\/media?parent=45"}],"curies":[{"name":"wp","href":"https:\/\/api.w.org\/{rel}","templated":true}]}}