{"id":48,"date":"2023-10-23T19:05:44","date_gmt":"2023-10-23T19:05:44","guid":{"rendered":"http:\/\/he-maskiner.dk\/?page_id=48"},"modified":"2025-12-03T11:56:12","modified_gmt":"2025-12-03T10:56:12","slug":"om-he-maskiner","status":"publish","type":"page","link":"https:\/\/he-maskiner.dk\/de\/uber-die-maschinen\/","title":{"rendered":"\u00dcber HE Machines"},"content":{"rendered":"<h3 class=\"wp-block-heading\"><strong>\u00dcber 40 Jahre Erfahrung - und immer noch voller neuer Ideen<\/strong><\/h3>\n\n\n\n<p>Hos <strong>HE Maskiner<\/strong> bauen wir auf einem <strong>Stolze Tradition<\/strong>: F\u00fcr mehr als <strong>40 Jahre Konstruktion und Bau von Maschinen<\/strong>, die das t\u00e4gliche Leben erleichtern <strong>der gr\u00fcne Sektor<\/strong> - Und wir tun dies mit Leidenschaft f\u00fcr Handwerk und Entwicklung.<\/p>\n\n\n\n<p>Aber wer sind wir wirklich?<\/p>\n\n\n\n<p>Sie k\u00f6nnten uns als eine <strong>ein junges Unternehmen mit einer alten Seele<\/strong>. Denn auch wenn <strong>HE Maskiner<\/strong> wurde 2017 gegr\u00fcndet, seine Geschichte reicht jedoch viel weiter zur\u00fcck.<\/p>\n\n\n\n<p>Alles begann 1980, als <strong>Henning Elk\u00e6r<\/strong> gegr\u00fcndet <strong>Elk\u00e6r Maschinen<\/strong>. Hier wurde eine breite Palette von landwirtschaftlichen Ger\u00e4ten und Maschinen hergestellt - immer mit dem Fokus auf Funktionalit\u00e4t und Langlebigkeit.<\/p>\n\n\n\n<p>Nach dem Verkauf von Elk\u00e6r Maskiner im Jahr 2017 war Henning noch lange nicht fertig. Zusammen mit seinem Sohn, <strong>Kenneth Elk\u00e6r<\/strong>, er gr\u00fcndete <strong>HE Maskiner<\/strong> - ein Unternehmen mit den gleichen soliden Werten und einer neuen Energie, um Maschinen f\u00fcr die Zukunft zu entwickeln und zu produzieren. <strong>gr\u00fcner Sektor<\/strong>.<\/p>\n\n\n\n<p>Wir sind leidenschaftlich bei der Herstellung von <strong>praktische L\u00f6sungen<\/strong>, das ist <strong>Leicht zu pflegen<\/strong>, <strong>Leicht zu reparieren<\/strong>, und zur gleichen Zeit <strong>H\u00e4lt \u00fcber Generationen<\/strong>. Das kann man in unserem Design und unserer Konstruktion sehen und sp\u00fcren.<\/p>\n\n\n\n<p>Wir sind auch ein <strong>engagierter Sparringspartner<\/strong>, Wenn Sie eine besondere Idee oder Herausforderung haben. Wir freuen uns, Teil des gesamten Prozesses zu sein - vom ersten Gedanken bis zum fertigen Produkt.<\/p>\n\n\n\n<p>Unser Ziel ist einfach:<br>Anbieten <strong>Personalisierter Kundenservice<\/strong>, <strong>Durchdachte L\u00f6sungen<\/strong> und <strong>Maschinen, die jahrelangem Einsatz standhalten<\/strong> - jeden einzelnen Tag.<\/p>\n\n\n\n<figure class=\"wp-block-image size-large is-style-rounded is-style-rounded--1\"><img loading=\"lazy\" decoding=\"async\" width=\"1024\" height=\"768\" src=\"https:\/\/he-maskiner.dk\/wp-content\/uploads\/2023\/11\/hvem-er-vi-1024x768.jpg\" alt=\"\" class=\"wp-image-510\" srcset=\"https:\/\/he-maskiner.dk\/wp-content\/uploads\/2023\/11\/hvem-er-vi-1024x768.jpg 1024w, https:\/\/he-maskiner.dk\/wp-content\/uploads\/2023\/11\/hvem-er-vi-300x225.jpg 300w, https:\/\/he-maskiner.dk\/wp-content\/uploads\/2023\/11\/hvem-er-vi-768x576.jpg 768w, https:\/\/he-maskiner.dk\/wp-content\/uploads\/2023\/11\/hvem-er-vi-1536x1152.jpg 1536w, https:\/\/he-maskiner.dk\/wp-content\/uploads\/2023\/11\/hvem-er-vi-2048x1536.jpg 2048w, https:\/\/he-maskiner.dk\/wp-content\/uploads\/2023\/11\/hvem-er-vi-16x12.jpg 16w\" sizes=\"auto, (max-width: 1024px) 100vw, 1024px\" \/><\/figure>","protected":false},"excerpt":{"rendered":"<p>Over 40 \u00e5rs erfaring \u2013 og stadig fuld af nye id\u00e9er Hos HE Maskiner bygger vi videre p\u00e5 en stolt tradition: I mere end 40 \u00e5r har vi designet og konstrueret maskiner, der g\u00f8r hverdagen lettere i den gr\u00f8nne sektor \u2013 og vi g\u00f8r det med passion for b\u00e5de h\u00e5ndv\u00e6rk og udvikling. Men hvem er [&hellip;]<\/p>\n","protected":false},"author":3,"featured_media":0,"parent":0,"menu_order":0,"comment_status":"closed","ping_status":"closed","template":"wp-custom-template-product-page-template","meta":{"content-type":"","iawp_total_views":962,"footnotes":""},"class_list":["post-48","page","type-page","status-publish","hentry"],"jetpack_sharing_enabled":true,"_links":{"self":[{"href":"https:\/\/he-maskiner.dk\/de\/wp-json\/wp\/v2\/pages\/48","targetHints":{"allow":["GET"]}}],"collection":[{"href":"https:\/\/he-maskiner.dk\/de\/wp-json\/wp\/v2\/pages"}],"about":[{"href":"https:\/\/he-maskiner.dk\/de\/wp-json\/wp\/v2\/types\/page"}],"author":[{"embeddable":true,"href":"https:\/\/he-maskiner.dk\/de\/wp-json\/wp\/v2\/users\/3"}],"replies":[{"embeddable":true,"href":"https:\/\/he-maskiner.dk\/de\/wp-json\/wp\/v2\/comments?post=48"}],"version-history":[{"count":9,"href":"https:\/\/he-maskiner.dk\/de\/wp-json\/wp\/v2\/pages\/48\/revisions"}],"predecessor-version":[{"id":1164,"href":"https:\/\/he-maskiner.dk\/de\/wp-json\/wp\/v2\/pages\/48\/revisions\/1164"}],"wp:attachment":[{"href":"https:\/\/he-maskiner.dk\/de\/wp-json\/wp\/v2\/media?parent=48"}],"curies":[{"name":"wp","href":"https:\/\/api.w.org\/{rel}","templated":true}]}}