{"id":1122,"date":"2025-12-03T07:17:05","date_gmt":"2025-12-03T06:17:05","guid":{"rendered":"https:\/\/he-maskiner.dk\/?page_id=1122"},"modified":"2025-12-03T07:17:06","modified_gmt":"2025-12-03T06:17:06","slug":"tf-65-traeflytter","status":"publish","type":"page","link":"https:\/\/he-maskiner.dk\/en\/products\/tf-65-stair-mover\/","title":{"rendered":"TF-65 Tree remover"},"content":{"rendered":"<div class=\"wp-block-group alignfull has-background is-layout-flow wp-block-group-is-layout-flow\" style=\"background:radial-gradient(rgb(242,242,242) 40%,rgb(202,214,200) 100%);padding-top:6vw;padding-right:6vw;padding-bottom:6vw;padding-left:6vw\">\n<div class=\"wp-block-group is-vertical is-nowrap is-layout-flex wp-container-core-group-is-layout-36fd9ea3 wp-block-group-is-layout-flex\" style=\"padding-right:0;padding-left:0\">\n<h6 class=\"wp-block-heading has-text-color has-montserrat-font-family\" id=\"ecosystem\" style=\"color:#000000;font-size:clamp(14px, 0.875rem + ((1vw - 3.2px) * 0.227), 16px);font-style:normal;font-weight:300\">TF-65 Tree remover<\/h6>\n\n\n\n<p class=\"has-text-color has-montserrat-font-family\" style=\"color:#000000;font-size:6vw;font-style:normal;font-weight:400;letter-spacing:0px;line-height:1;text-decoration:none;text-transform:none\">Easy, simple and smart<\/p>\n<\/div>\n\n\n\n<div style=\"height:1vw\" aria-hidden=\"true\" class=\"wp-block-spacer\"><\/div>\n\n\n\n<div class=\"wp-block-group alignwide is-vertical is-nowrap is-layout-flex wp-container-core-group-is-layout-7946b6b8 wp-block-group-is-layout-flex\" style=\"padding-top:0;padding-right:0;padding-bottom:0;padding-left:0\">\n<div class=\"wp-block-columns alignwide is-layout-flex wp-container-core-columns-is-layout-21b20327 wp-block-columns-is-layout-flex\">\n<div class=\"wp-block-column is-layout-flow wp-block-column-is-layout-flow\" style=\"flex-basis:33.38%\">\n<p>\ud83c\udf3f <strong>TF-65 - Compact and efficient tree moving for professionals<\/strong><br><\/p>\n\n\n\n<p>When space is tight and precision is paramount <strong>TF-65 The tree mover<\/strong> the obvious choice. <\/p>\n\n\n\n<p>It is designed to solve one of the construction industry's most demanding tasks: moving small trees quickly, gently and efficiently - without compromising on results.<\/p>\n\n\n\n<p>With its robust construction, the TF-65 digs up the tree with a <strong>Intact root ball<\/strong>, which significantly increases the tree's chance of survival when replanting. It provides <strong>Less waste, lower costs and more beautiful results<\/strong> in private gardens, parks and green spaces.<\/p>\n\n\n\n<h3 class=\"wp-block-heading\">Flexible mounting - customised to your needs<\/h3>\n\n\n\n<p>The TF-65 weighs only approx. <strong>370kg<\/strong> and can be easily mounted on:<\/p>\n\n\n\n<ul class=\"wp-block-list\">\n<li><strong>Mini loaders<\/strong><\/li>\n\n\n\n<li><strong>Small compact tractors with front loader<\/strong><\/li>\n\n\n\n<li><strong>Rear mounting on tractor<\/strong> with accompanying lift<\/li>\n<\/ul>\n\n\n\n<p>This versatility makes it ideal for small contractors, landscapers and municipal operations departments alike.<\/p>\n\n\n\n<h3 class=\"wp-block-heading\">Capacity and utilisation<\/h3>\n\n\n\n<ul class=\"wp-block-list\">\n<li>Moving trees with a <strong>Stem diameter up to 65 mm<\/strong><\/li>\n\n\n\n<li>Perfect for young trees and new plantings where recycling and preservation are desired<\/li>\n\n\n\n<li>Ideal for relocation, dense planting or temporary excavation on construction projects<\/li>\n<\/ul>\n\n\n\n<p>By moving trees rather than cutting them down, you not only achieve a more sustainable result, you also save time and money on replanting and establishment.<\/p>\n\n\n\n<p>See the machine in action in the video at the bottom of the page. <\/p>\n\n\n\n<p><\/p>\n<\/div>\n\n\n\n<div class=\"wp-block-column is-layout-flow wp-block-column-is-layout-flow\" style=\"flex-basis:33%\">\n<div style=\"height:2vw\" aria-hidden=\"true\" class=\"wp-block-spacer\"><\/div>\n\n\n\n<figure class=\"wp-block-image size-large has-custom-border\"><img loading=\"lazy\" decoding=\"async\" width=\"1024\" height=\"768\" src=\"https:\/\/he-maskiner.dk\/wp-content\/uploads\/2025\/12\/84772456-6758-432b-864d-14edacb649d9-1024x768.jpg\" alt=\"\" class=\"wp-image-1125\" style=\"border-radius:8px\" srcset=\"https:\/\/he-maskiner.dk\/wp-content\/uploads\/2025\/12\/84772456-6758-432b-864d-14edacb649d9-1024x768.jpg 1024w, https:\/\/he-maskiner.dk\/wp-content\/uploads\/2025\/12\/84772456-6758-432b-864d-14edacb649d9-300x225.jpg 300w, https:\/\/he-maskiner.dk\/wp-content\/uploads\/2025\/12\/84772456-6758-432b-864d-14edacb649d9-768x576.jpg 768w, https:\/\/he-maskiner.dk\/wp-content\/uploads\/2025\/12\/84772456-6758-432b-864d-14edacb649d9-1536x1152.jpg 1536w, https:\/\/he-maskiner.dk\/wp-content\/uploads\/2025\/12\/84772456-6758-432b-864d-14edacb649d9-16x12.jpg 16w, https:\/\/he-maskiner.dk\/wp-content\/uploads\/2025\/12\/84772456-6758-432b-864d-14edacb649d9.jpg 2048w\" sizes=\"auto, (max-width: 1024px) 100vw, 1024px\" \/><\/figure>\n<\/div>\n\n\n\n<div class=\"wp-block-column is-layout-flow wp-block-column-is-layout-flow\" style=\"flex-basis:33.62%\">\n<figure class=\"wp-block-image size-full has-custom-border\"><img loading=\"lazy\" decoding=\"async\" width=\"2048\" height=\"1536\" src=\"https:\/\/he-maskiner.dk\/wp-content\/uploads\/2025\/12\/a4d79ae5-0001-4970-b6b9-22f608aed931.jpg\" alt=\"\" class=\"wp-image-1126\" style=\"border-radius:8px;aspect-ratio:2\/3;object-fit:cover\" srcset=\"https:\/\/he-maskiner.dk\/wp-content\/uploads\/2025\/12\/a4d79ae5-0001-4970-b6b9-22f608aed931.jpg 2048w, https:\/\/he-maskiner.dk\/wp-content\/uploads\/2025\/12\/a4d79ae5-0001-4970-b6b9-22f608aed931-300x225.jpg 300w, https:\/\/he-maskiner.dk\/wp-content\/uploads\/2025\/12\/a4d79ae5-0001-4970-b6b9-22f608aed931-1024x768.jpg 1024w, https:\/\/he-maskiner.dk\/wp-content\/uploads\/2025\/12\/a4d79ae5-0001-4970-b6b9-22f608aed931-768x576.jpg 768w, https:\/\/he-maskiner.dk\/wp-content\/uploads\/2025\/12\/a4d79ae5-0001-4970-b6b9-22f608aed931-1536x1152.jpg 1536w, https:\/\/he-maskiner.dk\/wp-content\/uploads\/2025\/12\/a4d79ae5-0001-4970-b6b9-22f608aed931-16x12.jpg 16w\" sizes=\"auto, (max-width: 2048px) 100vw, 2048px\" \/><\/figure>\n<\/div>\n<\/div>\n\n\n\n<div class=\"wp-block-columns alignwide is-layout-flex wp-container-core-columns-is-layout-c24efe4f wp-block-columns-is-layout-flex\">\n<div class=\"wp-block-column is-layout-flow wp-block-column-is-layout-flow\" style=\"flex-basis:69%\">\n<figure class=\"wp-block-image size-full has-custom-border\"><img loading=\"lazy\" decoding=\"async\" width=\"1024\" height=\"768\" src=\"https:\/\/he-maskiner.dk\/wp-content\/uploads\/2025\/06\/2d85286b-cf02-4821-b54c-ade47aee57a0.jpg\" alt=\"\" class=\"wp-image-1065\" style=\"border-radius:8px;aspect-ratio:3\/2;object-fit:cover\" srcset=\"https:\/\/he-maskiner.dk\/wp-content\/uploads\/2025\/06\/2d85286b-cf02-4821-b54c-ade47aee57a0.jpg 1024w, https:\/\/he-maskiner.dk\/wp-content\/uploads\/2025\/06\/2d85286b-cf02-4821-b54c-ade47aee57a0-300x225.jpg 300w, https:\/\/he-maskiner.dk\/wp-content\/uploads\/2025\/06\/2d85286b-cf02-4821-b54c-ade47aee57a0-768x576.jpg 768w, https:\/\/he-maskiner.dk\/wp-content\/uploads\/2025\/06\/2d85286b-cf02-4821-b54c-ade47aee57a0-16x12.jpg 16w\" sizes=\"auto, (max-width: 1024px) 100vw, 1024px\" \/><\/figure>\n<\/div>\n\n\n\n<div class=\"wp-block-column is-vertically-aligned-center is-layout-flow wp-block-column-is-layout-flow\" style=\"flex-basis:33%\">\n<div style=\"height:2vw\" aria-hidden=\"true\" class=\"wp-block-spacer\"><\/div>\n\n\n\n<p><strong>Product specifications<\/strong><\/p>\n\n\n\n<p>Can move trees with trunks up to 65mm, measured approximately half a metre up the trunk from the ground.<\/p>\n\n\n\n<p>4 bucket plates in Hardox<\/p>\n\n\n\n<p>Hydraulically controlled with manoeuvring handle.<\/p>\n\n\n\n<p>Weight 370kg.<\/p>\n\n\n\n<p><\/p>\n<\/div>\n<\/div>\n\n\n\n<figure class=\"wp-block-gallery alignwide has-nested-images columns-default is-cropped wp-block-gallery-1 is-layout-flex wp-block-gallery-is-layout-flex\">\n<figure class=\"wp-block-image size-full has-custom-border\"><img loading=\"lazy\" decoding=\"async\" width=\"1536\" height=\"2048\" data-id=\"1124\" src=\"https:\/\/he-maskiner.dk\/wp-content\/uploads\/2025\/12\/0ffabf00-364d-4db9-8719-dbfce6399751.jpg\" alt=\"\" class=\"wp-image-1124\" style=\"border-radius:8px\" srcset=\"https:\/\/he-maskiner.dk\/wp-content\/uploads\/2025\/12\/0ffabf00-364d-4db9-8719-dbfce6399751.jpg 1536w, https:\/\/he-maskiner.dk\/wp-content\/uploads\/2025\/12\/0ffabf00-364d-4db9-8719-dbfce6399751-225x300.jpg 225w, https:\/\/he-maskiner.dk\/wp-content\/uploads\/2025\/12\/0ffabf00-364d-4db9-8719-dbfce6399751-768x1024.jpg 768w, https:\/\/he-maskiner.dk\/wp-content\/uploads\/2025\/12\/0ffabf00-364d-4db9-8719-dbfce6399751-1152x1536.jpg 1152w, https:\/\/he-maskiner.dk\/wp-content\/uploads\/2025\/12\/0ffabf00-364d-4db9-8719-dbfce6399751-9x12.jpg 9w\" sizes=\"auto, (max-width: 1536px) 100vw, 1536px\" \/><\/figure>\n\n\n\n<figure class=\"wp-block-image size-full has-custom-border\"><img loading=\"lazy\" decoding=\"async\" width=\"798\" height=\"622\" data-id=\"1132\" src=\"https:\/\/he-maskiner.dk\/wp-content\/uploads\/2025\/12\/cacdcfee-ca9b-447d-8681-2b5aafee301d.jpg\" alt=\"\" class=\"wp-image-1132\" style=\"border-radius:8px\" srcset=\"https:\/\/he-maskiner.dk\/wp-content\/uploads\/2025\/12\/cacdcfee-ca9b-447d-8681-2b5aafee301d.jpg 798w, https:\/\/he-maskiner.dk\/wp-content\/uploads\/2025\/12\/cacdcfee-ca9b-447d-8681-2b5aafee301d-300x234.jpg 300w, https:\/\/he-maskiner.dk\/wp-content\/uploads\/2025\/12\/cacdcfee-ca9b-447d-8681-2b5aafee301d-768x599.jpg 768w, https:\/\/he-maskiner.dk\/wp-content\/uploads\/2025\/12\/cacdcfee-ca9b-447d-8681-2b5aafee301d-15x12.jpg 15w\" sizes=\"auto, (max-width: 798px) 100vw, 798px\" \/><\/figure>\n<\/figure>\n<\/div>\n<\/div>\n\n\n\n<div style=\"height:72px\" aria-hidden=\"true\" class=\"wp-block-spacer\"><\/div>\n\n\n\n<div class=\"wp-block-media-text alignwide has-media-on-the-right is-stacked-on-mobile\"><div class=\"wp-block-media-text__content\">\n<p class=\"has-montserrat-font-family has-x-large-font-size\">See how the TF-65 Tree Mover works.<\/p>\n<\/div><figure class=\"wp-block-media-text__media\"><video controls src=\"https:\/\/he-maskiner.dk\/wp-content\/uploads\/2025\/12\/LCPZ4511.mov\"><\/video><\/figure><\/div>\n\n\n\n<div style=\"height:72px\" aria-hidden=\"true\" class=\"wp-block-spacer\"><\/div>","protected":false},"excerpt":{"rendered":"<p>TF-65 Tr\u00e6flytter Nemt, enkelt og smart \ud83c\udf3f TF-65 \u2013 Kompakt og effektiv tr\u00e6flytning til professionelle N\u00e5r pladsen er trang, og pr\u00e6cision er altafg\u00f8rende, er TF-65 Tr\u00e6flytteren det oplagte valg. Den er udviklet til at l\u00f8se en af anl\u00e6gsbranchens mest kr\u00e6vende opgaver: at flytte mindre tr\u00e6er hurtigt, sk\u00e5nsomt og effektivt \u2013 uden at g\u00e5 p\u00e5 kompromis [&hellip;]<\/p>\n","protected":false},"author":3,"featured_media":0,"parent":39,"menu_order":0,"comment_status":"closed","ping_status":"closed","template":"wp-custom-template-product-page-template","meta":{"content-type":"","iawp_total_views":214,"footnotes":""},"class_list":["post-1122","page","type-page","status-publish","hentry"],"jetpack_sharing_enabled":true,"_links":{"self":[{"href":"https:\/\/he-maskiner.dk\/en\/wp-json\/wp\/v2\/pages\/1122","targetHints":{"allow":["GET"]}}],"collection":[{"href":"https:\/\/he-maskiner.dk\/en\/wp-json\/wp\/v2\/pages"}],"about":[{"href":"https:\/\/he-maskiner.dk\/en\/wp-json\/wp\/v2\/types\/page"}],"author":[{"embeddable":true,"href":"https:\/\/he-maskiner.dk\/en\/wp-json\/wp\/v2\/users\/3"}],"replies":[{"embeddable":true,"href":"https:\/\/he-maskiner.dk\/en\/wp-json\/wp\/v2\/comments?post=1122"}],"version-history":[{"count":8,"href":"https:\/\/he-maskiner.dk\/en\/wp-json\/wp\/v2\/pages\/1122\/revisions"}],"predecessor-version":[{"id":1146,"href":"https:\/\/he-maskiner.dk\/en\/wp-json\/wp\/v2\/pages\/1122\/revisions\/1146"}],"up":[{"embeddable":true,"href":"https:\/\/he-maskiner.dk\/en\/wp-json\/wp\/v2\/pages\/39"}],"wp:attachment":[{"href":"https:\/\/he-maskiner.dk\/en\/wp-json\/wp\/v2\/media?parent=1122"}],"curies":[{"name":"wp","href":"https:\/\/api.w.org\/{rel}","templated":true}]}}