{"id":321,"date":"2023-10-31T15:02:12","date_gmt":"2023-10-31T14:02:12","guid":{"rendered":"http:\/\/he-maskiner.dk\/?page_id=321"},"modified":"2026-03-06T07:27:45","modified_gmt":"2026-03-06T06:27:45","slug":"brugte-maskiner","status":"publish","type":"page","link":"https:\/\/he-maskiner.dk\/en\/used-machines\/","title":{"rendered":"Used machines."},"content":{"rendered":"<p class=\"has-text-align-left\">Here you'll find good used machines at a fair price.<\/p>\n\n\n\n<p class=\"has-text-align-left\"><sub><span style=\"text-decoration: underline;\">All prices are excluding VAT and are ex works.<\/span><\/sub><\/p>\n\n\n\n<div style=\"height:100px\" aria-hidden=\"true\" class=\"wp-block-spacer\"><\/div>\n\n\n\n<div class=\"wp-block-columns alignwide is-layout-flex wp-container-core-columns-is-layout-28f84493 wp-block-columns-is-layout-flex\">\n<div class=\"wp-block-column is-layout-flow wp-block-column-is-layout-flow\"><\/div>\n\n\n\n<div class=\"wp-block-column is-layout-flow wp-block-column-is-layout-flow\"><\/div>\n<\/div>\n\n\n\n<hr class=\"wp-block-separator has-alpha-channel-opacity is-style-dots\"\/>\n\n\n\n<div class=\"wp-block-columns alignwide is-layout-flex wp-container-core-columns-is-layout-28f84493 wp-block-columns-is-layout-flex\">\n<div class=\"wp-block-column is-layout-flow wp-block-column-is-layout-flow\">\n<div class=\"wp-block-jetpack-slideshow\" data-effect=\"slide\"><div class=\"wp-block-jetpack-slideshow_container swiper\"><ul class=\"wp-block-jetpack-slideshow_swiper-wrapper swiper-wrapper\"><li class=\"wp-block-jetpack-slideshow_slide swiper-slide\"><figure><img loading=\"lazy\" decoding=\"async\" width=\"640\" height=\"356\" alt=\"\" class=\"wp-block-jetpack-slideshow_image wp-image-551\" data-id=\"551\" src=\"http:\/\/he-maskiner.dk\/wp-content\/uploads\/2023\/11\/thumbnail_IMG_0079.jpg\" srcset=\"https:\/\/he-maskiner.dk\/wp-content\/uploads\/2023\/11\/thumbnail_IMG_0079.jpg 640w, https:\/\/he-maskiner.dk\/wp-content\/uploads\/2023\/11\/thumbnail_IMG_0079-300x167.jpg 300w, https:\/\/he-maskiner.dk\/wp-content\/uploads\/2023\/11\/thumbnail_IMG_0079-18x10.jpg 18w\" sizes=\"(max-width: 640px) 100vw, 640px\" \/><\/figure><\/li><li class=\"wp-block-jetpack-slideshow_slide swiper-slide\"><figure><img loading=\"lazy\" decoding=\"async\" width=\"356\" height=\"640\" alt=\"\" class=\"wp-block-jetpack-slideshow_image wp-image-549\" data-id=\"549\" src=\"http:\/\/he-maskiner.dk\/wp-content\/uploads\/2023\/11\/thumbnail_IMG_0076.jpg\" srcset=\"https:\/\/he-maskiner.dk\/wp-content\/uploads\/2023\/11\/thumbnail_IMG_0076.jpg 356w, https:\/\/he-maskiner.dk\/wp-content\/uploads\/2023\/11\/thumbnail_IMG_0076-167x300.jpg 167w, https:\/\/he-maskiner.dk\/wp-content\/uploads\/2023\/11\/thumbnail_IMG_0076-7x12.jpg 7w\" sizes=\"(max-width: 356px) 100vw, 356px\" \/><\/figure><\/li><li class=\"wp-block-jetpack-slideshow_slide swiper-slide\"><figure><img loading=\"lazy\" decoding=\"async\" width=\"640\" height=\"356\" alt=\"\" class=\"wp-block-jetpack-slideshow_image wp-image-550\" data-id=\"550\" src=\"http:\/\/he-maskiner.dk\/wp-content\/uploads\/2023\/11\/thumbnail_IMG_0077.jpg\" srcset=\"https:\/\/he-maskiner.dk\/wp-content\/uploads\/2023\/11\/thumbnail_IMG_0077.jpg 640w, https:\/\/he-maskiner.dk\/wp-content\/uploads\/2023\/11\/thumbnail_IMG_0077-300x167.jpg 300w, https:\/\/he-maskiner.dk\/wp-content\/uploads\/2023\/11\/thumbnail_IMG_0077-18x10.jpg 18w\" sizes=\"(max-width: 640px) 100vw, 640px\" \/><\/figure><\/li><li class=\"wp-block-jetpack-slideshow_slide swiper-slide\"><figure><img loading=\"lazy\" decoding=\"async\" width=\"481\" height=\"640\" alt=\"\" class=\"wp-block-jetpack-slideshow_image wp-image-548\" data-id=\"548\" src=\"http:\/\/he-maskiner.dk\/wp-content\/uploads\/2023\/11\/fragt.jpg\" srcset=\"https:\/\/he-maskiner.dk\/wp-content\/uploads\/2023\/11\/fragt.jpg 481w, https:\/\/he-maskiner.dk\/wp-content\/uploads\/2023\/11\/fragt-225x300.jpg 225w, https:\/\/he-maskiner.dk\/wp-content\/uploads\/2023\/11\/fragt-9x12.jpg 9w\" sizes=\"(max-width: 481px) 100vw, 481px\" \/><\/figure><\/li><\/ul><a class=\"wp-block-jetpack-slideshow_button-prev swiper-button-prev swiper-button-white\" role=\"button\"><\/a><a class=\"wp-block-jetpack-slideshow_button-next swiper-button-next swiper-button-white\" role=\"button\"><\/a><a aria-label=\"Pause Slideshow\" class=\"wp-block-jetpack-slideshow_button-pause\" role=\"button\"><\/a><div class=\"wp-block-jetpack-slideshow_pagination swiper-pagination swiper-pagination-white\"><\/div><\/div><\/div>\n<\/div>\n\n\n\n<div class=\"wp-block-column is-layout-flow wp-block-column-is-layout-flow\">\n<h4 class=\"wp-block-heading\">FPM LK 170\/2H<\/h4>\n\n\n\n<p>FPM PTO driven finger mower. With double-acting blade for smooth operation and low noise level. New in stock. 1.7m blade. With hydraulically adjustable angling. Can be angled down to 45* to cut ditch edges. Suitable for tractors from 25 HP. 540 rpm. Forward speed up to 12 km\/h. <\/p>\n\n\n\n<p><\/p>\n\n\n\n<p><a href=\"https:\/\/he-maskiner.dk\/en\/contact\/\" data-type=\"page\" data-id=\"49\">Call or write for more details<\/a><\/p>\n<\/div>\n<\/div>\n\n\n\n<hr class=\"wp-block-separator has-alpha-channel-opacity is-style-dots\"\/>\n\n\n\n<div class=\"wp-block-columns alignwide is-layout-flex wp-container-core-columns-is-layout-28f84493 wp-block-columns-is-layout-flex\">\n<div class=\"wp-block-column is-layout-flow wp-block-column-is-layout-flow\">\n<div class=\"wp-block-jetpack-slideshow\" data-effect=\"slide\"><div class=\"wp-block-jetpack-slideshow_container swiper\"><ul class=\"wp-block-jetpack-slideshow_swiper-wrapper swiper-wrapper\"><li class=\"wp-block-jetpack-slideshow_slide swiper-slide\"><figure><img loading=\"lazy\" decoding=\"async\" width=\"481\" height=\"640\" alt=\"\" class=\"wp-block-jetpack-slideshow_image wp-image-582\" data-id=\"582\" src=\"http:\/\/he-maskiner.dk\/wp-content\/uploads\/2024\/01\/thumbnail_IMG_1984.jpg\" srcset=\"https:\/\/he-maskiner.dk\/wp-content\/uploads\/2024\/01\/thumbnail_IMG_1984.jpg 481w, https:\/\/he-maskiner.dk\/wp-content\/uploads\/2024\/01\/thumbnail_IMG_1984-225x300.jpg 225w, https:\/\/he-maskiner.dk\/wp-content\/uploads\/2024\/01\/thumbnail_IMG_1984-9x12.jpg 9w\" sizes=\"(max-width: 481px) 100vw, 481px\" \/><\/figure><\/li><li class=\"wp-block-jetpack-slideshow_slide swiper-slide\"><figure><img loading=\"lazy\" decoding=\"async\" width=\"481\" height=\"640\" alt=\"\" class=\"wp-block-jetpack-slideshow_image wp-image-583\" data-id=\"583\" src=\"http:\/\/he-maskiner.dk\/wp-content\/uploads\/2024\/01\/thumbnail_IMG_1985.jpg\" srcset=\"https:\/\/he-maskiner.dk\/wp-content\/uploads\/2024\/01\/thumbnail_IMG_1985.jpg 481w, https:\/\/he-maskiner.dk\/wp-content\/uploads\/2024\/01\/thumbnail_IMG_1985-225x300.jpg 225w, https:\/\/he-maskiner.dk\/wp-content\/uploads\/2024\/01\/thumbnail_IMG_1985-9x12.jpg 9w\" sizes=\"(max-width: 481px) 100vw, 481px\" \/><\/figure><\/li><li class=\"wp-block-jetpack-slideshow_slide swiper-slide\"><figure><img loading=\"lazy\" decoding=\"async\" width=\"481\" height=\"640\" alt=\"\" class=\"wp-block-jetpack-slideshow_image wp-image-584\" data-id=\"584\" src=\"http:\/\/he-maskiner.dk\/wp-content\/uploads\/2024\/01\/thumbnail_IMG_1986.jpg\" srcset=\"https:\/\/he-maskiner.dk\/wp-content\/uploads\/2024\/01\/thumbnail_IMG_1986.jpg 481w, https:\/\/he-maskiner.dk\/wp-content\/uploads\/2024\/01\/thumbnail_IMG_1986-225x300.jpg 225w, https:\/\/he-maskiner.dk\/wp-content\/uploads\/2024\/01\/thumbnail_IMG_1986-9x12.jpg 9w\" sizes=\"(max-width: 481px) 100vw, 481px\" \/><\/figure><\/li><li class=\"wp-block-jetpack-slideshow_slide swiper-slide\"><figure><img loading=\"lazy\" decoding=\"async\" width=\"481\" height=\"640\" alt=\"\" class=\"wp-block-jetpack-slideshow_image wp-image-585\" data-id=\"585\" src=\"http:\/\/he-maskiner.dk\/wp-content\/uploads\/2024\/01\/thumbnail_IMG_1987.jpg\" srcset=\"https:\/\/he-maskiner.dk\/wp-content\/uploads\/2024\/01\/thumbnail_IMG_1987.jpg 481w, https:\/\/he-maskiner.dk\/wp-content\/uploads\/2024\/01\/thumbnail_IMG_1987-225x300.jpg 225w, https:\/\/he-maskiner.dk\/wp-content\/uploads\/2024\/01\/thumbnail_IMG_1987-9x12.jpg 9w\" sizes=\"(max-width: 481px) 100vw, 481px\" \/><\/figure><\/li><li class=\"wp-block-jetpack-slideshow_slide swiper-slide\"><figure><img loading=\"lazy\" decoding=\"async\" width=\"480\" height=\"640\" alt=\"\" class=\"wp-block-jetpack-slideshow_image wp-image-586\" data-id=\"586\" src=\"http:\/\/he-maskiner.dk\/wp-content\/uploads\/2024\/01\/thumbnail_IMG_1988-rotated.jpg\" srcset=\"https:\/\/he-maskiner.dk\/wp-content\/uploads\/2024\/01\/thumbnail_IMG_1988-rotated.jpg 480w, https:\/\/he-maskiner.dk\/wp-content\/uploads\/2024\/01\/thumbnail_IMG_1988-225x300.jpg 225w, https:\/\/he-maskiner.dk\/wp-content\/uploads\/2024\/01\/thumbnail_IMG_1988-9x12.jpg 9w\" sizes=\"(max-width: 480px) 100vw, 480px\" \/><\/figure><\/li><li class=\"wp-block-jetpack-slideshow_slide swiper-slide\"><figure><img loading=\"lazy\" decoding=\"async\" width=\"481\" height=\"640\" alt=\"\" class=\"wp-block-jetpack-slideshow_image wp-image-587\" data-id=\"587\" src=\"http:\/\/he-maskiner.dk\/wp-content\/uploads\/2024\/01\/thumbnail_IMG_1989.jpg\" srcset=\"https:\/\/he-maskiner.dk\/wp-content\/uploads\/2024\/01\/thumbnail_IMG_1989.jpg 481w, https:\/\/he-maskiner.dk\/wp-content\/uploads\/2024\/01\/thumbnail_IMG_1989-225x300.jpg 225w, https:\/\/he-maskiner.dk\/wp-content\/uploads\/2024\/01\/thumbnail_IMG_1989-9x12.jpg 9w\" sizes=\"(max-width: 481px) 100vw, 481px\" \/><\/figure><\/li><li class=\"wp-block-jetpack-slideshow_slide swiper-slide\"><figure><img loading=\"lazy\" decoding=\"async\" width=\"480\" height=\"640\" alt=\"\" class=\"wp-block-jetpack-slideshow_image wp-image-588\" data-id=\"588\" src=\"http:\/\/he-maskiner.dk\/wp-content\/uploads\/2024\/01\/thumbnail_IMG_1990-rotated.jpg\" srcset=\"https:\/\/he-maskiner.dk\/wp-content\/uploads\/2024\/01\/thumbnail_IMG_1990-rotated.jpg 480w, https:\/\/he-maskiner.dk\/wp-content\/uploads\/2024\/01\/thumbnail_IMG_1990-225x300.jpg 225w, https:\/\/he-maskiner.dk\/wp-content\/uploads\/2024\/01\/thumbnail_IMG_1990-9x12.jpg 9w\" sizes=\"(max-width: 480px) 100vw, 480px\" \/><\/figure><\/li><li class=\"wp-block-jetpack-slideshow_slide swiper-slide\"><figure><img loading=\"lazy\" decoding=\"async\" width=\"480\" height=\"640\" alt=\"\" class=\"wp-block-jetpack-slideshow_image wp-image-589\" data-id=\"589\" src=\"http:\/\/he-maskiner.dk\/wp-content\/uploads\/2024\/01\/thumbnail_IMG_1991-rotated.jpg\" srcset=\"https:\/\/he-maskiner.dk\/wp-content\/uploads\/2024\/01\/thumbnail_IMG_1991-rotated.jpg 480w, https:\/\/he-maskiner.dk\/wp-content\/uploads\/2024\/01\/thumbnail_IMG_1991-225x300.jpg 225w, https:\/\/he-maskiner.dk\/wp-content\/uploads\/2024\/01\/thumbnail_IMG_1991-9x12.jpg 9w\" sizes=\"(max-width: 480px) 100vw, 480px\" \/><\/figure><\/li><\/ul><a class=\"wp-block-jetpack-slideshow_button-prev swiper-button-prev swiper-button-white\" role=\"button\"><\/a><a class=\"wp-block-jetpack-slideshow_button-next swiper-button-next swiper-button-white\" role=\"button\"><\/a><a aria-label=\"Pause Slideshow\" class=\"wp-block-jetpack-slideshow_button-pause\" role=\"button\"><\/a><div class=\"wp-block-jetpack-slideshow_pagination swiper-pagination swiper-pagination-white\"><\/div><\/div><\/div>\n<\/div>\n\n\n\n<div class=\"wp-block-column is-layout-flow wp-block-column-is-layout-flow\">\n<h4 class=\"wp-block-heading\">Food<\/h4>\n\n\n\n<p>New broom. 1.3 m working width. \u00d8400mm brushes. Manual swivelling function. PTO driven. Brand HE Machines. Can be adapted to a-frame or similar. <\/p>\n\n\n\n<p>PRICE: 8000kr.<\/p>\n\n\n\n<p><a href=\"https:\/\/he-maskiner.dk\/en\/contact\/\" data-type=\"page\" data-id=\"49\">Call or write for more details<\/a><\/p>\n<\/div>\n<\/div>\n\n\n\n<hr class=\"wp-block-separator has-alpha-channel-opacity is-style-dots\"\/>\n\n\n\n<div class=\"wp-block-columns alignwide is-layout-flex wp-container-core-columns-is-layout-28f84493 wp-block-columns-is-layout-flex\">\n<div class=\"wp-block-column is-layout-flow wp-block-column-is-layout-flow\"><\/div>\n<\/div>\n\n\n\n<div style=\"height:100px\" aria-hidden=\"true\" class=\"wp-block-spacer\"><\/div>\n\n\n\n<div style=\"height:100px\" aria-hidden=\"true\" class=\"wp-block-spacer\"><\/div>\n\n\n\n<div style=\"height:100px\" aria-hidden=\"true\" class=\"wp-block-spacer\"><\/div>\n\n\n\n<div style=\"height:100px\" aria-hidden=\"true\" class=\"wp-block-spacer\"><\/div>","protected":false},"excerpt":{"rendered":"<p>Her finder du gode brugte maskiner til en fair pris. Alle priser er ekskl. moms og g\u00e6lder ab fabrik. FPM LK 170\/2H FPM PTO drevet fingerklipper. Med dobbeltvirkende kniv, hvilket medf\u00f8rer en rolig gang og lavt st\u00f8jniveau . Nye p\u00e5 lager. 1.7m kniv. Med hydraulisk justerbar vinkling. Kan vinkles ned i 45* s\u00e5 den kan [&hellip;]<\/p>\n","protected":false},"author":2,"featured_media":0,"parent":0,"menu_order":0,"comment_status":"closed","ping_status":"closed","template":"wp-custom-template-product-page-template","meta":{"content-type":"","iawp_total_views":1699,"footnotes":""},"class_list":["post-321","page","type-page","status-publish","hentry"],"jetpack_sharing_enabled":true,"_links":{"self":[{"href":"https:\/\/he-maskiner.dk\/en\/wp-json\/wp\/v2\/pages\/321","targetHints":{"allow":["GET"]}}],"collection":[{"href":"https:\/\/he-maskiner.dk\/en\/wp-json\/wp\/v2\/pages"}],"about":[{"href":"https:\/\/he-maskiner.dk\/en\/wp-json\/wp\/v2\/types\/page"}],"author":[{"embeddable":true,"href":"https:\/\/he-maskiner.dk\/en\/wp-json\/wp\/v2\/users\/2"}],"replies":[{"embeddable":true,"href":"https:\/\/he-maskiner.dk\/en\/wp-json\/wp\/v2\/comments?post=321"}],"version-history":[{"count":51,"href":"https:\/\/he-maskiner.dk\/en\/wp-json\/wp\/v2\/pages\/321\/revisions"}],"predecessor-version":[{"id":1169,"href":"https:\/\/he-maskiner.dk\/en\/wp-json\/wp\/v2\/pages\/321\/revisions\/1169"}],"wp:attachment":[{"href":"https:\/\/he-maskiner.dk\/en\/wp-json\/wp\/v2\/media?parent=321"}],"curies":[{"name":"wp","href":"https:\/\/api.w.org\/{rel}","templated":true}]}}