{"id":45,"date":"2023-10-23T18:49:22","date_gmt":"2023-10-23T18:49:22","guid":{"rendered":"http:\/\/he-maskiner.dk\/?page_id=45"},"modified":"2025-12-03T07:00:12","modified_gmt":"2025-12-03T06:00:12","slug":"tf-300-traeflytter","status":"publish","type":"page","link":"https:\/\/he-maskiner.dk\/en\/products\/tf-300-stair-mover\/","title":{"rendered":"TF-300 Tree remover"},"content":{"rendered":"<div class=\"wp-block-group alignfull has-background is-layout-flow wp-block-group-is-layout-flow\" style=\"background:radial-gradient(rgb(242,242,242) 40%,rgb(202,214,200) 100%);padding-top:6vw;padding-right:6vw;padding-bottom:6vw;padding-left:6vw\">\n<div class=\"wp-block-group is-vertical is-nowrap is-layout-flex wp-container-core-group-is-layout-36fd9ea3 wp-block-group-is-layout-flex\" style=\"padding-right:0;padding-left:0\">\n<h6 class=\"wp-block-heading has-text-color has-montserrat-font-family\" id=\"ecosystem\" style=\"color:#000000;font-size:clamp(14px, 0.875rem + ((1vw - 3.2px) * 0.227), 16px);font-style:normal;font-weight:300\">TF-300 Tree remover<\/h6>\n\n\n\n<p class=\"has-text-color has-montserrat-font-family\" style=\"color:#000000;font-size:6vw;font-style:normal;font-weight:400;letter-spacing:0px;line-height:1;text-decoration:none;text-transform:none\">Easy, simple and smart<\/p>\n<\/div>\n\n\n\n<div style=\"height:1vw\" aria-hidden=\"true\" class=\"wp-block-spacer\"><\/div>\n\n\n\n<div class=\"wp-block-group alignwide is-vertical is-nowrap is-layout-flex wp-container-core-group-is-layout-7946b6b8 wp-block-group-is-layout-flex\" style=\"padding-top:0;padding-right:0;padding-bottom:0;padding-left:0\">\n<div class=\"wp-block-columns alignwide is-layout-flex wp-container-core-columns-is-layout-21b20327 wp-block-columns-is-layout-flex\">\n<div class=\"wp-block-column is-layout-flow wp-block-column-is-layout-flow\" style=\"flex-basis:33.38%\">\n<p>\ud83c\udf33 <strong>Move trees easily, efficiently and gently - with the TF-300 Tree Mover<\/strong><br><\/p>\n\n\n\n<p>Med <strong>TF-300 The Tree Mover<\/strong> Whether you work in forestry, landscaping or on large construction and landscape projects, moving trees becomes a simple task. <\/p>\n\n\n\n<p>It has been developed with a focus on efficiency and gentle handling to best preserve both the wood and the environment.<\/p>\n\n\n\n<p>TF-300 can be mounted on both <strong>Tractors (120 HP+) and rubber goats<\/strong>, which offers great flexibility depending on your machines and working conditions. It handles trees with a <strong>Stem diameter up to 300 mm<\/strong>, and with the included <strong>remote control<\/strong> control the process safely and precisely - remotely.<\/p>\n\n\n\n<h3 class=\"wp-block-heading\">Why move trees instead of cutting them down?<\/h3>\n\n\n\n<p>Moving trees rather than cutting them down has several clear advantages:<\/p>\n\n\n\n<ul class=\"wp-block-list\">\n<li>\ud83c\udf3f <strong>Preserving the green look<\/strong> - Especially important in parks, gardens and urban areas.<\/li>\n\n\n\n<li>\ud83c\udf31 <strong>Save time and money<\/strong> on new planting and establishment.<\/li>\n\n\n\n<li>\ud83c\udf33 <strong>Preserving older or special tree species<\/strong>, that have a long time horizon for growth.<\/li>\n\n\n\n<li>\u267b\ufe0f <strong>Environmentally friendly solution<\/strong>, where carbon sequestration and biodiversity are preserved.<\/li>\n<\/ul>\n\n\n\n<p>With the TF-300, you get a tool that combines power and precision - enabling you to think sustainably without compromising on efficiency.<\/p>\n\n\n\n<p><\/p>\n\n\n\n<p><\/p>\n\n\n\n<p><\/p>\n<\/div>\n\n\n\n<div class=\"wp-block-column is-layout-flow wp-block-column-is-layout-flow\" style=\"flex-basis:33%\">\n<div style=\"height:2vw\" aria-hidden=\"true\" class=\"wp-block-spacer\"><\/div>\n\n\n\n<figure class=\"wp-block-image size-large has-custom-border\"><img loading=\"lazy\" decoding=\"async\" width=\"855\" height=\"1024\" src=\"http:\/\/he-maskiner.dk\/wp-content\/uploads\/2023\/10\/tf-300-1-855x1024.png\" alt=\"\" class=\"wp-image-99\" style=\"border-radius:8px\" srcset=\"https:\/\/he-maskiner.dk\/wp-content\/uploads\/2023\/10\/tf-300-1-855x1024.png 855w, https:\/\/he-maskiner.dk\/wp-content\/uploads\/2023\/10\/tf-300-1-251x300.png 251w, https:\/\/he-maskiner.dk\/wp-content\/uploads\/2023\/10\/tf-300-1-768x920.png 768w, https:\/\/he-maskiner.dk\/wp-content\/uploads\/2023\/10\/tf-300-1.png 1002w\" sizes=\"auto, (max-width: 855px) 100vw, 855px\" \/><\/figure>\n<\/div>\n\n\n\n<div class=\"wp-block-column is-layout-flow wp-block-column-is-layout-flow\" style=\"flex-basis:33.62%\">\n<figure class=\"wp-block-image size-full has-custom-border\"><img loading=\"lazy\" decoding=\"async\" width=\"416\" height=\"624\" src=\"http:\/\/he-maskiner.dk\/wp-content\/uploads\/2023\/11\/IMG_9249-edited.jpg\" alt=\"\" class=\"wp-image-408\" style=\"border-radius:8px;aspect-ratio:2\/3;object-fit:cover\" srcset=\"https:\/\/he-maskiner.dk\/wp-content\/uploads\/2023\/11\/IMG_9249-edited.jpg 416w, https:\/\/he-maskiner.dk\/wp-content\/uploads\/2023\/11\/IMG_9249-edited-200x300.jpg 200w, https:\/\/he-maskiner.dk\/wp-content\/uploads\/2023\/11\/IMG_9249-edited-8x12.jpg 8w\" sizes=\"auto, (max-width: 416px) 100vw, 416px\" \/><\/figure>\n<\/div>\n<\/div>\n\n\n\n<div class=\"wp-block-columns alignwide is-layout-flex wp-container-core-columns-is-layout-c24efe4f wp-block-columns-is-layout-flex\">\n<div class=\"wp-block-column is-layout-flow wp-block-column-is-layout-flow\" style=\"flex-basis:69%\">\n<figure class=\"wp-block-image size-large has-custom-border\"><img loading=\"lazy\" decoding=\"async\" width=\"1350\" height=\"900\" src=\"http:\/\/he-maskiner.dk\/wp-content\/uploads\/2023\/11\/tf-300-2-edited.png\" alt=\"\" class=\"wp-image-409\" style=\"border-radius:8px;aspect-ratio:3\/2;object-fit:cover\" srcset=\"https:\/\/he-maskiner.dk\/wp-content\/uploads\/2023\/11\/tf-300-2-edited.png 1350w, https:\/\/he-maskiner.dk\/wp-content\/uploads\/2023\/11\/tf-300-2-edited-300x200.png 300w, https:\/\/he-maskiner.dk\/wp-content\/uploads\/2023\/11\/tf-300-2-edited-1024x683.png 1024w, https:\/\/he-maskiner.dk\/wp-content\/uploads\/2023\/11\/tf-300-2-edited-768x512.png 768w, https:\/\/he-maskiner.dk\/wp-content\/uploads\/2023\/11\/tf-300-2-edited-18x12.png 18w\" sizes=\"auto, (max-width: 1350px) 100vw, 1350px\" \/><\/figure>\n<\/div>\n\n\n\n<div class=\"wp-block-column is-vertically-aligned-center is-layout-flow wp-block-column-is-layout-flow\" style=\"flex-basis:33%\">\n<div style=\"height:2vw\" aria-hidden=\"true\" class=\"wp-block-spacer\"><\/div>\n\n\n\n<p><strong>Product specifications<\/strong><\/p>\n\n\n\n<p>Can move trees with trunks up to 300mm.<\/p>\n\n\n\n<p>4 bucket plates in Hardox<\/p>\n\n\n\n<p>Hydraulically controlled with remote control<\/p>\n\n\n\n<p>Weight 1000kg.<\/p>\n\n\n\n<p>For tractors from 120 HP and up or mounted on wheel loaders and telehandlers from 4 tonnes.<\/p>\n<\/div>\n<\/div>\n\n\n\n<figure class=\"wp-block-gallery alignwide has-nested-images columns-default is-cropped wp-block-gallery-1 is-layout-flex wp-block-gallery-is-layout-flex\">\n<figure class=\"wp-block-image size-full has-custom-border\"><img loading=\"lazy\" decoding=\"async\" width=\"750\" height=\"1089\" data-id=\"506\" src=\"https:\/\/he-maskiner.dk\/wp-content\/uploads\/2023\/11\/IMG_8216.jpeg\" alt=\"\" class=\"wp-image-506\" style=\"border-radius:8px\" srcset=\"https:\/\/he-maskiner.dk\/wp-content\/uploads\/2023\/11\/IMG_8216.jpeg 750w, https:\/\/he-maskiner.dk\/wp-content\/uploads\/2023\/11\/IMG_8216-207x300.jpeg 207w, https:\/\/he-maskiner.dk\/wp-content\/uploads\/2023\/11\/IMG_8216-705x1024.jpeg 705w, https:\/\/he-maskiner.dk\/wp-content\/uploads\/2023\/11\/IMG_8216-8x12.jpeg 8w\" sizes=\"auto, (max-width: 750px) 100vw, 750px\" \/><\/figure>\n\n\n\n<figure class=\"wp-block-image size-full has-custom-border\"><img loading=\"lazy\" decoding=\"async\" width=\"416\" height=\"555\" data-id=\"374\" src=\"https:\/\/he-maskiner.dk\/wp-content\/uploads\/2023\/11\/IMG_9253-edited.jpg\" alt=\"\" class=\"wp-image-374\" style=\"border-radius:8px\" srcset=\"https:\/\/he-maskiner.dk\/wp-content\/uploads\/2023\/11\/IMG_9253-edited.jpg 416w, https:\/\/he-maskiner.dk\/wp-content\/uploads\/2023\/11\/IMG_9253-edited-225x300.jpg 225w, https:\/\/he-maskiner.dk\/wp-content\/uploads\/2023\/11\/IMG_9253-edited-9x12.jpg 9w\" sizes=\"auto, (max-width: 416px) 100vw, 416px\" \/><\/figure>\n<\/figure>\n<\/div>\n<\/div>\n\n\n\n<div style=\"height:72px\" aria-hidden=\"true\" class=\"wp-block-spacer\"><\/div>\n\n\n\n<div class=\"wp-block-media-text alignwide has-media-on-the-right is-stacked-on-mobile\"><div class=\"wp-block-media-text__content\">\n<p class=\"has-montserrat-font-family has-x-large-font-size\">See how the TF-300 Tree Mover works.<\/p>\n<\/div><figure class=\"wp-block-media-text__media\"><video controls src=\"http:\/\/he-maskiner.dk\/wp-content\/uploads\/2023\/10\/TF-300.mp4\"><\/video><\/figure><\/div>\n\n\n\n<div style=\"height:72px\" aria-hidden=\"true\" class=\"wp-block-spacer\"><\/div>\n\n\n\n<div class=\"wp-block-media-text alignwide is-stacked-on-mobile has-background\" style=\"background:radial-gradient(rgb(242,242,242) 33%,rgb(202,214,200) 100%);padding-top:2vw;padding-right:2vw;padding-bottom:2vw;padding-left:2vw;grid-template-columns:40% auto\"><figure class=\"wp-block-media-text__media\"><img loading=\"lazy\" decoding=\"async\" width=\"1024\" height=\"724\" src=\"http:\/\/he-maskiner.dk\/wp-content\/uploads\/2023\/11\/DK-TF-300-traeflytter-Agritechnica-2023-Losblad-1024x724.jpg\" alt=\"\" class=\"wp-image-340 size-full\" srcset=\"https:\/\/he-maskiner.dk\/wp-content\/uploads\/2023\/11\/DK-TF-300-traeflytter-Agritechnica-2023-Losblad-1024x724.jpg 1024w, https:\/\/he-maskiner.dk\/wp-content\/uploads\/2023\/11\/DK-TF-300-traeflytter-Agritechnica-2023-Losblad-300x212.jpg 300w, https:\/\/he-maskiner.dk\/wp-content\/uploads\/2023\/11\/DK-TF-300-traeflytter-Agritechnica-2023-Losblad-768x543.jpg 768w, https:\/\/he-maskiner.dk\/wp-content\/uploads\/2023\/11\/DK-TF-300-traeflytter-Agritechnica-2023-Losblad-1536x1086.jpg 1536w, https:\/\/he-maskiner.dk\/wp-content\/uploads\/2023\/11\/DK-TF-300-traeflytter-Agritechnica-2023-Losblad-2048x1448.jpg 2048w, https:\/\/he-maskiner.dk\/wp-content\/uploads\/2023\/11\/DK-TF-300-traeflytter-Agritechnica-2023-Losblad-18x12.jpg 18w\" sizes=\"auto, (max-width: 1024px) 100vw, 1024px\" \/><\/figure><div class=\"wp-block-media-text__content\">\n<p class=\"has-text-align-left has-large-font-size\">Download information about TF-300 tree mover as pdf<\/p>\n\n\n\n<p><a href=\"http:\/\/he-maskiner.dk\/wp-content\/uploads\/2023\/11\/DK-TF-300-product-sheet.pdf\">Download TF-300 brochure<\/a><\/p>\n<\/div><\/div>","protected":false},"excerpt":{"rendered":"<p>TF-300 Tr\u00e6flytter Nemt, enkelt og smart \ud83c\udf33 Flyt tr\u00e6er nemt, effektivt og sk\u00e5nsomt \u2013 med TF-300 Tr\u00e6flytteren Med TF-300 Tr\u00e6flytteren bliver flytning af tr\u00e6er en enkel opgave, uanset om du arbejder i skovbrug, anl\u00e6gsgartneri eller p\u00e5 st\u00f8rre bygge- og landskabsprojekter. Den er udviklet med fokus p\u00e5 effektivitet og sk\u00e5nsom h\u00e5ndtering, s\u00e5 b\u00e5de tr\u00e6 og omgivelser [&hellip;]<\/p>\n","protected":false},"author":3,"featured_media":0,"parent":39,"menu_order":0,"comment_status":"closed","ping_status":"closed","template":"wp-custom-template-product-page-template","meta":{"content-type":"","iawp_total_views":1035,"footnotes":""},"class_list":["post-45","page","type-page","status-publish","hentry"],"jetpack_sharing_enabled":true,"_links":{"self":[{"href":"https:\/\/he-maskiner.dk\/en\/wp-json\/wp\/v2\/pages\/45","targetHints":{"allow":["GET"]}}],"collection":[{"href":"https:\/\/he-maskiner.dk\/en\/wp-json\/wp\/v2\/pages"}],"about":[{"href":"https:\/\/he-maskiner.dk\/en\/wp-json\/wp\/v2\/types\/page"}],"author":[{"embeddable":true,"href":"https:\/\/he-maskiner.dk\/en\/wp-json\/wp\/v2\/users\/3"}],"replies":[{"embeddable":true,"href":"https:\/\/he-maskiner.dk\/en\/wp-json\/wp\/v2\/comments?post=45"}],"version-history":[{"count":19,"href":"https:\/\/he-maskiner.dk\/en\/wp-json\/wp\/v2\/pages\/45\/revisions"}],"predecessor-version":[{"id":1144,"href":"https:\/\/he-maskiner.dk\/en\/wp-json\/wp\/v2\/pages\/45\/revisions\/1144"}],"up":[{"embeddable":true,"href":"https:\/\/he-maskiner.dk\/en\/wp-json\/wp\/v2\/pages\/39"}],"wp:attachment":[{"href":"https:\/\/he-maskiner.dk\/en\/wp-json\/wp\/v2\/media?parent=45"}],"curies":[{"name":"wp","href":"https:\/\/api.w.org\/{rel}","templated":true}]}}