{"id":613,"date":"2024-03-13T14:21:56","date_gmt":"2024-03-13T13:21:56","guid":{"rendered":"https:\/\/he-maskiner.dk\/?page_id=613"},"modified":"2025-12-03T10:11:52","modified_gmt":"2025-12-03T09:11:52","slug":"heken-striker","status":"publish","type":"page","link":"https:\/\/he-maskiner.dk\/en\/products\/fb-2000-mighty-fence-saw\/","title":{"rendered":"HEKEN STRIKER"},"content":{"rendered":"<div class=\"wp-block-group alignfull has-background is-layout-flow wp-block-group-is-layout-flow\" style=\"background:radial-gradient(rgb(242,242,242) 40%,rgb(202,214,200) 100%);padding-top:6vw;padding-right:6vw;padding-bottom:6vw;padding-left:6vw\">\n<div class=\"wp-block-group is-vertical is-nowrap is-layout-flex wp-container-core-group-is-layout-36fd9ea3 wp-block-group-is-layout-flex\" style=\"padding-right:0;padding-left:0\">\n<h6 class=\"wp-block-heading has-text-color has-montserrat-font-family\" id=\"ecosystem\" style=\"color:#000000;font-size:clamp(14px, 0.875rem + ((1vw - 3.2px) * 0.227), 16px);font-style:normal;font-weight:300\">HEKEN STRIKER<\/h6>\n\n\n\n<p class=\"has-text-color has-montserrat-font-family\" style=\"color:#000000;font-size:6vw;font-style:normal;font-weight:400;letter-spacing:0px;line-height:1;text-decoration:none;text-transform:none\">Danish design, robust construction<\/p>\n<\/div>\n\n\n\n<div style=\"height:1vw\" aria-hidden=\"true\" class=\"wp-block-spacer\"><\/div>\n\n\n\n<div class=\"wp-block-group alignwide is-vertical is-nowrap is-layout-flex wp-container-core-group-is-layout-7946b6b8 wp-block-group-is-layout-flex\" style=\"padding-top:0;padding-right:0;padding-bottom:0;padding-left:0\">\n<div class=\"wp-block-columns alignwide is-layout-flex wp-container-core-columns-is-layout-21b20327 wp-block-columns-is-layout-flex\">\n<div class=\"wp-block-column is-layout-flow wp-block-column-is-layout-flow\" style=\"flex-basis:33.38%\">\n<p class=\"has-text-color\" style=\"color:#000000;font-size:clamp(14px, 0.875rem + ((1vw - 3.2px) * 0.341), 17px);\"><strong>HEKEN STRIKER - Efficient fence cutting with maximum precision<\/strong><\/p>\n\n\n\n<p><strong>HEKEN STRIKER<\/strong> - our latest, state-of-the-art <strong>fence cutter<\/strong>, designed for efficient and gentle maintenance of even the most demanding fences.<\/p>\n\n\n\n<p>Equipped with <strong>Four heavy-duty discs with integrated blades<\/strong>, Striker delivers an impressive <strong>Working width of 2.8 metres<\/strong>, which ensures fast, even and thorough results - every time.<\/p>\n\n\n\n<p>Striker is the ideal choice for <strong>contractors and agriculture<\/strong>, where high demands are placed on both <strong>efficiency, durability and precision<\/strong>.<\/p>\n\n\n\n<p class=\"has-text-color\" style=\"color:#000000;font-size:clamp(14px, 0.875rem + ((1vw - 3.2px) * 0.341), 17px);\">The machine can be mounted directly on our robust <strong>FL 1300 SUPER front frame<\/strong>, or alternatively on <strong>burial arms<\/strong> of e.g. a backhoe loader - providing flexibility and full customisation to your working conditions.<\/p>\n\n\n\n<p><\/p>\n\n\n\n<p>Leasing is offered.<\/p>\n\n\n\n<p><\/p>\n<\/div>\n\n\n\n<div class=\"wp-block-column is-layout-flow wp-block-column-is-layout-flow\" style=\"flex-basis:33%\">\n<div style=\"height:2vw\" aria-hidden=\"true\" class=\"wp-block-spacer\"><\/div>\n\n\n\n<figure class=\"wp-block-image size-full has-custom-border\"><img loading=\"lazy\" decoding=\"async\" width=\"2560\" height=\"1920\" src=\"https:\/\/he-maskiner.dk\/wp-content\/uploads\/2024\/11\/IMG_2570-scaled.jpg\" alt=\"\" class=\"wp-image-956\" style=\"border-radius:8px\" srcset=\"https:\/\/he-maskiner.dk\/wp-content\/uploads\/2024\/11\/IMG_2570-scaled.jpg 2560w, https:\/\/he-maskiner.dk\/wp-content\/uploads\/2024\/11\/IMG_2570-300x225.jpg 300w, https:\/\/he-maskiner.dk\/wp-content\/uploads\/2024\/11\/IMG_2570-1024x768.jpg 1024w, https:\/\/he-maskiner.dk\/wp-content\/uploads\/2024\/11\/IMG_2570-768x576.jpg 768w, https:\/\/he-maskiner.dk\/wp-content\/uploads\/2024\/11\/IMG_2570-1536x1152.jpg 1536w, https:\/\/he-maskiner.dk\/wp-content\/uploads\/2024\/11\/IMG_2570-2048x1536.jpg 2048w, https:\/\/he-maskiner.dk\/wp-content\/uploads\/2024\/11\/IMG_2570-16x12.jpg 16w\" sizes=\"auto, (max-width: 2560px) 100vw, 2560px\" \/><\/figure>\n<\/div>\n\n\n\n<div class=\"wp-block-column is-layout-flow wp-block-column-is-layout-flow\" style=\"flex-basis:33.62%\">\n<figure class=\"wp-block-image size-full has-custom-border\"><img loading=\"lazy\" decoding=\"async\" width=\"2560\" height=\"1920\" src=\"https:\/\/he-maskiner.dk\/wp-content\/uploads\/2024\/11\/IMG_2539-1-scaled.jpg\" alt=\"\" class=\"wp-image-960\" style=\"border-radius:8px\" srcset=\"https:\/\/he-maskiner.dk\/wp-content\/uploads\/2024\/11\/IMG_2539-1-scaled.jpg 2560w, https:\/\/he-maskiner.dk\/wp-content\/uploads\/2024\/11\/IMG_2539-1-300x225.jpg 300w, https:\/\/he-maskiner.dk\/wp-content\/uploads\/2024\/11\/IMG_2539-1-1024x768.jpg 1024w, https:\/\/he-maskiner.dk\/wp-content\/uploads\/2024\/11\/IMG_2539-1-768x576.jpg 768w, https:\/\/he-maskiner.dk\/wp-content\/uploads\/2024\/11\/IMG_2539-1-1536x1152.jpg 1536w, https:\/\/he-maskiner.dk\/wp-content\/uploads\/2024\/11\/IMG_2539-1-2048x1536.jpg 2048w, https:\/\/he-maskiner.dk\/wp-content\/uploads\/2024\/11\/IMG_2539-1-16x12.jpg 16w\" sizes=\"auto, (max-width: 2560px) 100vw, 2560px\" \/><\/figure>\n<\/div>\n<\/div>\n\n\n\n<div class=\"wp-block-columns alignwide is-layout-flex wp-container-core-columns-is-layout-c24efe4f wp-block-columns-is-layout-flex\">\n<div class=\"wp-block-column is-layout-flow wp-block-column-is-layout-flow\" style=\"flex-basis:69%\">\n<figure class=\"wp-block-image size-full is-resized has-custom-border\"><img loading=\"lazy\" decoding=\"async\" width=\"2560\" height=\"1920\" src=\"https:\/\/he-maskiner.dk\/wp-content\/uploads\/2024\/11\/IMG_2592-scaled.jpg\" alt=\"\" class=\"wp-image-961\" style=\"border-radius:8px;width:922px;height:auto\" srcset=\"https:\/\/he-maskiner.dk\/wp-content\/uploads\/2024\/11\/IMG_2592-scaled.jpg 2560w, https:\/\/he-maskiner.dk\/wp-content\/uploads\/2024\/11\/IMG_2592-300x225.jpg 300w, https:\/\/he-maskiner.dk\/wp-content\/uploads\/2024\/11\/IMG_2592-1024x768.jpg 1024w, https:\/\/he-maskiner.dk\/wp-content\/uploads\/2024\/11\/IMG_2592-768x576.jpg 768w, https:\/\/he-maskiner.dk\/wp-content\/uploads\/2024\/11\/IMG_2592-1536x1152.jpg 1536w, https:\/\/he-maskiner.dk\/wp-content\/uploads\/2024\/11\/IMG_2592-2048x1536.jpg 2048w, https:\/\/he-maskiner.dk\/wp-content\/uploads\/2024\/11\/IMG_2592-16x12.jpg 16w\" sizes=\"auto, (max-width: 2560px) 100vw, 2560px\" \/><\/figure>\n<\/div>\n\n\n\n<div class=\"wp-block-column is-vertically-aligned-center is-layout-flow wp-block-column-is-layout-flow\" style=\"flex-basis:33%\">\n<div style=\"height:2vw\" aria-hidden=\"true\" class=\"wp-block-spacer\"><\/div>\n\n\n\n<p><strong>Technical data:<\/strong><\/p>\n\n\n\n<p>Oil requirement: From 50 L\/min<\/p>\n\n\n\n<p>1 db working oil outlet + 1 drain.<\/p>\n\n\n\n<p>Weight: 360kg.<\/p>\n\n\n\n<p>Can be mounted on almost any type of frame or excavator.<\/p>\n\n\n\n<p class=\"has-text-align-center\"><br><\/p>\n\n\n\n<p><\/p>\n<\/div>\n<\/div>\n\n\n\n<div style=\"height:0px\" aria-hidden=\"true\" class=\"wp-block-spacer wp-container-content-61193494\"><\/div>\n\n\n\n<div class=\"wp-block-columns is-layout-flex wp-container-core-columns-is-layout-28f84493 wp-block-columns-is-layout-flex\">\n<div class=\"wp-block-column is-layout-flow wp-block-column-is-layout-flow\" style=\"flex-basis:33%\">\n<p><\/p>\n\n\n\n<p><strong>Is leasing for you?<\/strong><\/p>\n\n\n\n<p>We work together with Leasing Fyn.<\/p>\n\n\n\n<p>Since 1983, Leasing Fyn has specialised in leasing machinery for the agricultural and construction industry.<\/p>\n\n\n\n<p>If you would like a leasing offer, we can help you with that too.<\/p>\n\n\n\n<div class=\"wp-block-buttons is-layout-flex wp-block-buttons-is-layout-flex\">\n<div class=\"wp-block-button\"><a class=\"wp-block-button__link has-base-color has-text-color has-link-color wp-element-button\" href=\"https:\/\/he-maskiner.dk\/en\/contact\/\">Contact us for leasing offers<\/a><\/div>\n<\/div>\n<\/div>\n\n\n\n<div class=\"wp-block-column is-layout-flow wp-block-column-is-layout-flow\" style=\"flex-basis:66%\"><\/div>\n<\/div>\n<\/div>\n\n\n\n<div style=\"height:72px\" aria-hidden=\"true\" class=\"wp-block-spacer\"><\/div>\n\n\n\n<figure class=\"wp-block-gallery alignwide has-nested-images columns-default is-cropped wp-block-gallery-1 is-layout-flex wp-block-gallery-is-layout-flex\">\n<figure class=\"wp-block-image size-full has-custom-border wp-duotone-grayscale\"><img loading=\"lazy\" decoding=\"async\" width=\"2560\" height=\"1920\" data-id=\"953\" src=\"https:\/\/he-maskiner.dk\/wp-content\/uploads\/2024\/11\/IMG_2539-scaled.jpg\" alt=\"\" class=\"wp-image-953\" style=\"border-radius:8px\" srcset=\"https:\/\/he-maskiner.dk\/wp-content\/uploads\/2024\/11\/IMG_2539-scaled.jpg 2560w, https:\/\/he-maskiner.dk\/wp-content\/uploads\/2024\/11\/IMG_2539-300x225.jpg 300w, https:\/\/he-maskiner.dk\/wp-content\/uploads\/2024\/11\/IMG_2539-1024x768.jpg 1024w, https:\/\/he-maskiner.dk\/wp-content\/uploads\/2024\/11\/IMG_2539-768x576.jpg 768w, https:\/\/he-maskiner.dk\/wp-content\/uploads\/2024\/11\/IMG_2539-1536x1152.jpg 1536w, https:\/\/he-maskiner.dk\/wp-content\/uploads\/2024\/11\/IMG_2539-2048x1536.jpg 2048w, https:\/\/he-maskiner.dk\/wp-content\/uploads\/2024\/11\/IMG_2539-16x12.jpg 16w\" sizes=\"auto, (max-width: 2560px) 100vw, 2560px\" \/><\/figure>\n\n\n\n<figure class=\"wp-block-image size-full has-custom-border wp-duotone-grayscale\"><img loading=\"lazy\" decoding=\"async\" width=\"2560\" height=\"1920\" data-id=\"955\" src=\"https:\/\/he-maskiner.dk\/wp-content\/uploads\/2024\/11\/IMG_2540-scaled.jpg\" alt=\"\" class=\"wp-image-955\" style=\"border-radius:8px\" srcset=\"https:\/\/he-maskiner.dk\/wp-content\/uploads\/2024\/11\/IMG_2540-scaled.jpg 2560w, https:\/\/he-maskiner.dk\/wp-content\/uploads\/2024\/11\/IMG_2540-300x225.jpg 300w, https:\/\/he-maskiner.dk\/wp-content\/uploads\/2024\/11\/IMG_2540-1024x768.jpg 1024w, https:\/\/he-maskiner.dk\/wp-content\/uploads\/2024\/11\/IMG_2540-768x576.jpg 768w, https:\/\/he-maskiner.dk\/wp-content\/uploads\/2024\/11\/IMG_2540-1536x1152.jpg 1536w, https:\/\/he-maskiner.dk\/wp-content\/uploads\/2024\/11\/IMG_2540-2048x1536.jpg 2048w, https:\/\/he-maskiner.dk\/wp-content\/uploads\/2024\/11\/IMG_2540-16x12.jpg 16w\" sizes=\"auto, (max-width: 2560px) 100vw, 2560px\" \/><\/figure>\n<\/figure>\n<\/div>\n\n\n\n<div style=\"height:72px\" aria-hidden=\"true\" class=\"wp-block-spacer\"><\/div>\n\n\n\n<div class=\"wp-block-media-text alignwide is-stacked-on-mobile\"><figure class=\"wp-block-media-text__media\"><video controls src=\"https:\/\/he-maskiner.dk\/wp-content\/uploads\/2025\/02\/striker-feb-2025-Skabt-med-Clipchamp.mp4\"><\/video><\/figure><div class=\"wp-block-media-text__content\">\n<p class=\"has-x-large-font-size\">See how HEKEN STRIKER works.<\/p>\n<\/div><\/div>\n\n\n\n<div style=\"height:72px\" aria-hidden=\"true\" class=\"wp-block-spacer\"><\/div>\n\n\n\n<div class=\"wp-block-group alignfull has-background is-layout-flow wp-block-group-is-layout-flow\" style=\"background:radial-gradient(rgb(242,242,242) 40%,rgb(202,214,200) 100%);padding-top:6vw;padding-right:6vw;padding-bottom:6vw;padding-left:6vw\">\n<div class=\"wp-block-group is-vertical is-nowrap is-layout-flex wp-container-core-group-is-layout-36fd9ea3 wp-block-group-is-layout-flex\" style=\"padding-right:0;padding-left:0\">\n<h6 class=\"wp-block-heading has-text-color has-montserrat-font-family\" id=\"ecosystem\" style=\"color:#000000;font-size:clamp(14px, 0.875rem + ((1vw - 3.2px) * 0.227), 16px);font-style:normal;font-weight:300\">A principle.<\/h6>\n\n\n\n<p class=\"has-text-color has-montserrat-font-family\" style=\"color:#000000;font-size:6vw;font-style:normal;font-weight:400;letter-spacing:0px;line-height:1;text-decoration:none;text-transform:none\">The heart of the business!<\/p>\n<\/div>\n\n\n\n<div style=\"height:1vw\" aria-hidden=\"true\" class=\"wp-block-spacer\"><\/div>\n\n\n\n<div class=\"wp-block-group alignwide is-vertical is-nowrap is-layout-flex wp-container-core-group-is-layout-7946b6b8 wp-block-group-is-layout-flex\" style=\"padding-top:0;padding-right:0;padding-bottom:0;padding-left:0\">\n<div class=\"wp-block-columns is-layout-flex wp-container-core-columns-is-layout-28f84493 wp-block-columns-is-layout-flex\">\n<div class=\"wp-block-column is-layout-flow wp-block-column-is-layout-flow\">\n<p class=\"has-text-color\" style=\"color:#000000;font-size:clamp(14px, 0.875rem + ((1vw - 3.2px) * 0.341), 17px);\">Customer relationships are the heart of our business. <\/p>\n\n\n\n<p class=\"has-text-color\" style=\"color:#000000;font-size:clamp(14px, 0.875rem + ((1vw - 3.2px) * 0.341), 17px);\">It creates a foundation of trust and confidence when we as a company invest time and resources in building strong customer relationships. It shows our commitment to understanding and meeting our customers' needs. This creates a sense of security for customers, as they know they are heard, understood and valued. <\/p>\n\n\n\n<p class=\"has-text-color\" style=\"color:#000000;font-size:clamp(14px, 0.875rem + ((1vw - 3.2px) * 0.341), 17px);\">The personal connection that comes from good customer relationships also gives customers peace of mind knowing that there is always someone to help them if problems or challenges arise. <\/p>\n\n\n\n<p class=\"has-text-color\" style=\"color:#000000;font-size:clamp(14px, 0.875rem + ((1vw - 3.2px) * 0.341), 17px);\">We are proud to say that we build and manufacture all our machines in-house here on Funen. This approach gives us full control over quality and ensures that our products meet the highest standards. Having our production in-house also allows us to be flexible and quickly adapt to changes and customer needs. This gives our customers confidence that they are getting reliable and customised solutions that are carefully designed and manufactured by our expert team.<\/p>\n<\/div>\n\n\n\n<div class=\"wp-block-column is-layout-flow wp-block-column-is-layout-flow\">\n<div class=\"wp-block-group is-vertical is-layout-flex wp-container-core-group-is-layout-fe9cc265 wp-block-group-is-layout-flex\">\n<div class=\"wp-block-group is-nowrap is-layout-flex wp-container-core-group-is-layout-6c531013 wp-block-group-is-layout-flex\">\n<figure class=\"wp-block-image size-full has-custom-border\"><img loading=\"lazy\" decoding=\"async\" width=\"481\" height=\"640\" src=\"https:\/\/he-maskiner.dk\/wp-content\/uploads\/2024\/02\/thumbnail_IMG_1982-3.jpg\" alt=\"\" class=\"wp-image-699\" style=\"border-radius:8px\" srcset=\"https:\/\/he-maskiner.dk\/wp-content\/uploads\/2024\/02\/thumbnail_IMG_1982-3.jpg 481w, https:\/\/he-maskiner.dk\/wp-content\/uploads\/2024\/02\/thumbnail_IMG_1982-3-225x300.jpg 225w, https:\/\/he-maskiner.dk\/wp-content\/uploads\/2024\/02\/thumbnail_IMG_1982-3-9x12.jpg 9w\" sizes=\"auto, (max-width: 481px) 100vw, 481px\" \/><\/figure>\n\n\n\n<figure class=\"wp-block-image size-full has-custom-border\"><img loading=\"lazy\" decoding=\"async\" width=\"481\" height=\"640\" src=\"https:\/\/he-maskiner.dk\/wp-content\/uploads\/2024\/02\/thumbnail_IMG_2130-1.jpg\" alt=\"\" class=\"wp-image-701\" style=\"border-radius:8px\" srcset=\"https:\/\/he-maskiner.dk\/wp-content\/uploads\/2024\/02\/thumbnail_IMG_2130-1.jpg 481w, https:\/\/he-maskiner.dk\/wp-content\/uploads\/2024\/02\/thumbnail_IMG_2130-1-225x300.jpg 225w, https:\/\/he-maskiner.dk\/wp-content\/uploads\/2024\/02\/thumbnail_IMG_2130-1-9x12.jpg 9w\" sizes=\"auto, (max-width: 481px) 100vw, 481px\" \/><\/figure>\n<\/div>\n\n\n\n<div class=\"wp-block-group is-nowrap is-layout-flex wp-container-core-group-is-layout-6c531013 wp-block-group-is-layout-flex\">\n<figure class=\"wp-block-image size-full has-custom-border\"><img loading=\"lazy\" decoding=\"async\" width=\"640\" height=\"481\" src=\"https:\/\/he-maskiner.dk\/wp-content\/uploads\/2024\/02\/thumbnail_IMG_2269.jpg\" alt=\"\" class=\"wp-image-712\" style=\"border-radius:8px\" srcset=\"https:\/\/he-maskiner.dk\/wp-content\/uploads\/2024\/02\/thumbnail_IMG_2269.jpg 640w, https:\/\/he-maskiner.dk\/wp-content\/uploads\/2024\/02\/thumbnail_IMG_2269-300x225.jpg 300w, https:\/\/he-maskiner.dk\/wp-content\/uploads\/2024\/02\/thumbnail_IMG_2269-16x12.jpg 16w\" sizes=\"auto, (max-width: 640px) 100vw, 640px\" \/><\/figure>\n<\/div>\n<\/div>\n<\/div>\n<\/div>\n<\/div>\n<\/div>","protected":false},"excerpt":{"rendered":"<p>HEKEN STRIKER Dansk design, robust konstruktion HEKEN STRIKER \u2013 Effektiv hegnssnitning med maksimal pr\u00e6cision HEKEN STRIKER \u2013 vores nyeste, avancerede hegnssnitter, designet til effektiv og sk\u00e5nsom vedligeholdelse af selv de mest kr\u00e6vende hegn. Udstyret med fire kraftige skiver med integrerede knive, leverer Striker en imponerende arbejdsbredde p\u00e5 2,8 meter, som sikrer et hurtigt, j\u00e6vnt og [&hellip;]<\/p>\n","protected":false},"author":3,"featured_media":119,"parent":39,"menu_order":0,"comment_status":"closed","ping_status":"closed","template":"wp-custom-template-product-page-template","meta":{"content-type":"","iawp_total_views":1037,"footnotes":""},"class_list":["post-613","page","type-page","status-publish","has-post-thumbnail","hentry"],"jetpack_sharing_enabled":true,"_links":{"self":[{"href":"https:\/\/he-maskiner.dk\/en\/wp-json\/wp\/v2\/pages\/613","targetHints":{"allow":["GET"]}}],"collection":[{"href":"https:\/\/he-maskiner.dk\/en\/wp-json\/wp\/v2\/pages"}],"about":[{"href":"https:\/\/he-maskiner.dk\/en\/wp-json\/wp\/v2\/types\/page"}],"author":[{"embeddable":true,"href":"https:\/\/he-maskiner.dk\/en\/wp-json\/wp\/v2\/users\/3"}],"replies":[{"embeddable":true,"href":"https:\/\/he-maskiner.dk\/en\/wp-json\/wp\/v2\/comments?post=613"}],"version-history":[{"count":43,"href":"https:\/\/he-maskiner.dk\/en\/wp-json\/wp\/v2\/pages\/613\/revisions"}],"predecessor-version":[{"id":1152,"href":"https:\/\/he-maskiner.dk\/en\/wp-json\/wp\/v2\/pages\/613\/revisions\/1152"}],"up":[{"embeddable":true,"href":"https:\/\/he-maskiner.dk\/en\/wp-json\/wp\/v2\/pages\/39"}],"wp:featuredmedia":[{"embeddable":true,"href":"https:\/\/he-maskiner.dk\/en\/wp-json\/wp\/v2\/media\/119"}],"wp:attachment":[{"href":"https:\/\/he-maskiner.dk\/en\/wp-json\/wp\/v2\/media?parent=613"}],"curies":[{"name":"wp","href":"https:\/\/api.w.org\/{rel}","templated":true}]}}